{"id":5693,"date":"2021-11-02T12:49:44","date_gmt":"2021-11-02T11:49:44","guid":{"rendered":"http:\/\/prelive.hartmann-europe.com\/the-hartmann-group-en-europa\/monitor-de-control-de-flota\/"},"modified":"2021-11-02T12:49:49","modified_gmt":"2021-11-02T11:49:49","slug":"monitor-de-control-de-flota","status":"publish","type":"page","link":"https:\/\/www.hartmann-europe.com\/es\/the-hartmann-group-en-europa\/monitor-de-control-de-flota\/","title":{"rendered":"Monitor de control de flota"},"content":{"rendered":"<p><div class=\"fusion-fullwidth fullwidth-box fusion-builder-row-1 fusion-flex-container nonhundred-percent-fullwidth non-hundred-percent-height-scrolling\" style=\"--awb-border-radius-top-left:0px;--awb-border-radius-top-right:0px;--awb-border-radius-bottom-right:0px;--awb-border-radius-bottom-left:0px;--awb-flex-wrap:wrap;\" ><div class=\"fusion-builder-row fusion-row fusion-flex-align-items-flex-start fusion-flex-content-wrap\" style=\"max-width:1331.2px;margin-left: calc(-4% \/ 2 );margin-right: calc(-4% \/ 2 );\"><div class=\"fusion-layout-column fusion_builder_column fusion-builder-column-0 fusion_builder_column_1_1 1_1 fusion-flex-column\" style=\"--awb-bg-size:cover;--awb-width-large:100%;--awb-margin-top-large:10px;--awb-spacing-right-large:1.92%;--awb-margin-bottom-large:10px;--awb-spacing-left-large:1.92%;--awb-width-medium:100%;--awb-order-medium:0;--awb-spacing-right-medium:1.92%;--awb-spacing-left-medium:1.92%;--awb-width-small:100%;--awb-order-small:0;--awb-spacing-right-small:1.92%;--awb-spacing-left-small:1.92%;\"><div class=\"fusion-column-wrapper fusion-column-has-shadow fusion-flex-justify-content-flex-start fusion-content-layout-column\"><div class=\"fusion-text fusion-text-1\" style=\"--awb-text-transform:none;\"><h3 style=\"text-align: center;\">Individualmente. Intuitivo. Innovador.<\/h3>\n<\/div><\/div><\/div><\/div><\/div><div class=\"fusion-fullwidth fullwidth-box fusion-builder-row-2 fusion-flex-container nonhundred-percent-fullwidth non-hundred-percent-height-scrolling\" style=\"--awb-border-radius-top-left:0px;--awb-border-radius-top-right:0px;--awb-border-radius-bottom-right:0px;--awb-border-radius-bottom-left:0px;--awb-flex-wrap:wrap;\" ><div class=\"fusion-builder-row fusion-row fusion-flex-align-items-flex-start fusion-flex-content-wrap\" style=\"max-width:1331.2px;margin-left: calc(-4% \/ 2 );margin-right: calc(-4% \/ 2 );\"><div class=\"fusion-layout-column fusion_builder_column fusion-builder-column-1 fusion_builder_column_1_3 1_3 fusion-flex-column\" style=\"--awb-bg-size:cover;--awb-width-large:33.333333333333%;--awb-margin-top-large:10px;--awb-spacing-right-large:5.76%;--awb-margin-bottom-large:10px;--awb-spacing-left-large:5.76%;--awb-width-medium:100%;--awb-order-medium:0;--awb-spacing-right-medium:1.92%;--awb-spacing-left-medium:1.92%;--awb-width-small:100%;--awb-order-small:0;--awb-spacing-right-small:1.92%;--awb-spacing-left-small:1.92%;\"><div class=\"fusion-column-wrapper fusion-column-has-shadow fusion-flex-justify-content-flex-start fusion-content-layout-column\"><div class=\"fusion-image-element \" style=\"--awb-caption-title-font-family:var(--h2_typography-font-family);--awb-caption-title-font-weight:var(--h2_typography-font-weight);--awb-caption-title-font-style:var(--h2_typography-font-style);--awb-caption-title-size:var(--h2_typography-font-size);--awb-caption-title-transform:var(--h2_typography-text-transform);--awb-caption-title-line-height:var(--h2_typography-line-height);--awb-caption-title-letter-spacing:var(--h2_typography-letter-spacing);\"><span class=\" fusion-imageframe imageframe-none imageframe-1 hover-type-none\"><img decoding=\"async\" width=\"2953\" height=\"1748\" src=\"https:\/\/www.hartmann-europe.com\/wp-content\/uploads\/2021\/10\/Logo_FCM_center.png\" data-orig-src=\"http:\/\/www.hartmann-europe.com\/wp-content\/uploads\/2021\/10\/Logo_FCM_center.png\" alt class=\"lazyload img-responsive wp-image-5498\" srcset=\"data:image\/svg+xml,%3Csvg%20xmlns%3D%27http%3A%2F%2Fwww.w3.org%2F2000%2Fsvg%27%20width%3D%272953%27%20height%3D%271748%27%20viewBox%3D%270%200%202953%201748%27%3E%3Crect%20width%3D%272953%27%20height%3D%271748%27%20fill-opacity%3D%220%22%2F%3E%3C%2Fsvg%3E\" data-srcset=\"https:\/\/www.hartmann-europe.com\/wp-content\/uploads\/2021\/10\/Logo_FCM_center-200x118.png 200w, https:\/\/www.hartmann-europe.com\/wp-content\/uploads\/2021\/10\/Logo_FCM_center-400x237.png 400w, https:\/\/www.hartmann-europe.com\/wp-content\/uploads\/2021\/10\/Logo_FCM_center-600x355.png 600w, https:\/\/www.hartmann-europe.com\/wp-content\/uploads\/2021\/10\/Logo_FCM_center-800x474.png 800w, https:\/\/www.hartmann-europe.com\/wp-content\/uploads\/2021\/10\/Logo_FCM_center-1200x710.png 1200w, https:\/\/www.hartmann-europe.com\/wp-content\/uploads\/2021\/10\/Logo_FCM_center.png 2953w\" data-sizes=\"auto\" data-orig-sizes=\"(max-width: 1024px) 100vw, (max-width: 640px) 100vw, 400px\" \/><\/span><\/div><div class=\"fusion-text fusion-text-2\"><p>Fleet Control Monitor GmbH es una empresa conjunta entre British Car Auctions (BCA) y HARTMANN FLEET-Professionals (HFP)<\/p>\n<\/div><div class=\"fusion-text fusion-text-3\"><p>BCA es el n\u00famero uno de Europa en veh\u00edculos de flota usados con m\u00e1s de 1 mill\u00f3n de veh\u00edculos vendidos anualmente.<\/p>\n<\/div><div class=\"fusion-text fusion-text-4\"><p>HFP es l\u00edder en el campo de la flota, la log\u00edstica y el servicio espacial en Alemania.<\/p>\n<\/div><\/div><\/div><div class=\"fusion-layout-column fusion_builder_column fusion-builder-column-2 fusion_builder_column_2_3 2_3 fusion-flex-column\" style=\"--awb-bg-size:cover;--awb-width-large:66.666666666667%;--awb-margin-top-large:10px;--awb-spacing-right-large:2.88%;--awb-margin-bottom-large:10px;--awb-spacing-left-large:2.88%;--awb-width-medium:100%;--awb-order-medium:0;--awb-spacing-right-medium:1.92%;--awb-spacing-left-medium:1.92%;--awb-width-small:100%;--awb-order-small:0;--awb-spacing-right-small:1.92%;--awb-spacing-left-small:1.92%;\"><div class=\"fusion-column-wrapper fusion-column-has-shadow fusion-flex-justify-content-flex-start fusion-content-layout-column\"><div class=\"fusion-content-boxes content-boxes columns row fusion-columns-1 fusion-columns-total-6 fusion-content-boxes-1 content-boxes-timeline-vertical content-left content-boxes-timeline-layout content-boxes-icon-with-title fusion-delayed-animation\" style=\"--awb-margin-top:40px;--awb-hover-accent-color:#008243;--awb-circle-hover-accent-color:#008243;--awb-item-margin-bottom:40px;\" data-animation-delay=\"350\" data-animationOffset=\"top-into-view\"><div style=\"--awb-backgroundcolor:rgba(255,255,255,0);--awb-content-padding-left:82px;\" class=\"fusion-column content-box-column content-box-column content-box-column-1 col-lg-12 col-md-12 col-sm-12 fusion-content-box-hover content-box-column-last-in-row\"><div class=\"col content-box-wrapper content-wrapper link-area-box icon-hover-animation-none fusion-animated\" data-animationType=\"fadeIn\" data-animationDuration=\"0.25\" data-animationOffset=\"top-into-view\"><div class=\"heading heading-with-icon icon-left\" style=\"margin-top:23.5px;\"><div class=\"icon\" style=\"margin-top:-23.5px;margin-bottom:-23.5px;-webkit-animation-duration: 350ms;animation-duration: 350ms;\"><i style=\"border-color:#333c4e;border-width:1px;background-color:#333c4e;box-sizing:content-box;height:60px;width:60px;line-height:60px;border-radius:50%;font-size:30px;\" aria-hidden=\"true\" class=\"fontawesome-icon fa-clipboard-check fas circle-yes\"><\/i><\/div><h2 class=\"content-box-heading fusion-responsive-typography-calculated\" style=\"--h2_typography-font-size:15px;--fontSize:15;line-height:3.33;\">Configuraci\u00f3n individual<\/h2><\/div><div class=\"fusion-clearfix\"><\/div><div class=\"content-container\">\n<p>Una pantalla de inicio libremente configurable le ofrece no solo una interfaz intuitiva, sino tambi\u00e9n una estaci\u00f3n de trabajo que se puede adaptar a sus necesidades y agrupa temas que son importantes para usted.<\/p>\n<\/div><div class=\"content-box-shortcode-timeline-vertical\" style=\"border-color:#333c4e;left:45px;top:30px;-webkit-transition-duration: 350ms;animation-duration: 350ms;\"><\/div><\/div><\/div><div style=\"--awb-backgroundcolor:rgba(255,255,255,0);--awb-content-padding-left:82px;\" class=\"fusion-column content-box-column content-box-column content-box-column-2 col-lg-12 col-md-12 col-sm-12 fusion-content-box-hover content-box-column-last-in-row\"><div class=\"col content-box-wrapper content-wrapper link-area-box icon-hover-animation-none fusion-animated\" data-animationType=\"fadeIn\" data-animationDuration=\"0.25\" data-animationOffset=\"top-into-view\"><div class=\"heading heading-with-icon icon-left\" style=\"margin-top:23.5px;\"><div class=\"icon\" style=\"margin-top:-23.5px;margin-bottom:-23.5px;-webkit-animation-duration: 350ms;animation-duration: 350ms;\"><i style=\"border-color:#333c4e;border-width:1px;background-color:#333c4e;box-sizing:content-box;height:60px;width:60px;line-height:60px;border-radius:50%;font-size:30px;\" aria-hidden=\"true\" class=\"fontawesome-icon fa-car fas circle-yes\"><\/i><\/div><h2 class=\"content-box-heading fusion-responsive-typography-calculated\" style=\"--h2_typography-font-size:15px;--fontSize:15;line-height:3.33;\">Archivo de veh\u00edculo digital<\/h2><\/div><div class=\"fusion-clearfix\"><\/div><div class=\"content-container\">\n<p>Con el archivo del veh\u00edculo totalmente digital, puede ver el historial completo del veh\u00edculo. Desde la gesti\u00f3n de documentos hasta todos los temas de procesos, incl. Siempre tienes una visi\u00f3n general de los costes.<\/p>\n<\/div><div class=\"content-box-shortcode-timeline-vertical\" style=\"border-color:#333c4e;left:45px;top:30px;-webkit-transition-duration: 350ms;animation-duration: 350ms;\"><\/div><\/div><\/div><div style=\"--awb-backgroundcolor:rgba(255,255,255,0);--awb-content-padding-left:82px;\" class=\"fusion-column content-box-column content-box-column content-box-column-3 col-lg-12 col-md-12 col-sm-12 fusion-content-box-hover content-box-column-last-in-row\"><div class=\"col content-box-wrapper content-wrapper link-area-box icon-hover-animation-none fusion-animated\" data-animationType=\"fadeIn\" data-animationDuration=\"0.25\" data-animationOffset=\"top-into-view\"><div class=\"heading heading-with-icon icon-left\" style=\"margin-top:23.5px;\"><div class=\"icon\" style=\"margin-top:-23.5px;margin-bottom:-23.5px;-webkit-animation-duration: 350ms;animation-duration: 350ms;\"><i style=\"border-color:#333c4e;border-width:1px;background-color:#333c4e;box-sizing:content-box;height:60px;width:60px;line-height:60px;border-radius:50%;font-size:30px;\" aria-hidden=\"true\" class=\"fontawesome-icon fa-chart-pie fas circle-yes\"><\/i><\/div><h2 class=\"content-box-heading fusion-responsive-typography-calculated\" style=\"--h2_typography-font-size:15px;--fontSize:15;line-height:3.33;\">Gesti\u00f3n de SLA<\/h2><\/div><div class=\"fusion-clearfix\"><\/div><div class=\"content-container\">\n<p>Est\u00e9 atento a los procesos externos e internos que ha especificado. La gesti\u00f3n por excepci\u00f3n, el uso inteligente de FCM, libera a los empleados de las tareas rutinarias y crea el espacio para decisiones importantes y mejora de la calidad.<\/p>\n<\/div><div class=\"content-box-shortcode-timeline-vertical\" style=\"border-color:#333c4e;left:45px;top:30px;-webkit-transition-duration: 350ms;animation-duration: 350ms;\"><\/div><\/div><\/div><div style=\"--awb-backgroundcolor:rgba(255,255,255,0);--awb-content-padding-left:82px;\" class=\"fusion-column content-box-column content-box-column content-box-column-4 col-lg-12 col-md-12 col-sm-12 fusion-content-box-hover content-box-column-last-in-row\"><div class=\"col content-box-wrapper content-wrapper link-area-box icon-hover-animation-none fusion-animated\" data-animationType=\"fadeIn\" data-animationDuration=\"0.25\" data-animationOffset=\"top-into-view\"><div class=\"heading heading-with-icon icon-left\" style=\"margin-top:23.5px;\"><div class=\"icon\" style=\"margin-top:-23.5px;margin-bottom:-23.5px;-webkit-animation-duration: 350ms;animation-duration: 350ms;\"><i style=\"border-color:#333c4e;border-width:1px;background-color:#333c4e;box-sizing:content-box;height:60px;width:60px;line-height:60px;border-radius:50%;font-size:30px;\" aria-hidden=\"true\" class=\"fontawesome-icon fa-file-contract fas circle-yes\"><\/i><\/div><h2 class=\"content-box-heading fusion-responsive-typography-calculated\" style=\"--h2_typography-font-size:15px;--fontSize:15;line-height:3.33;\">Radar de contrato<\/h2><\/div><div class=\"fusion-clearfix\"><\/div><div class=\"content-container\">\n<p>Mantenga un registro de los contratos relacionados con el veh\u00edculo en todo momento. Con la opci\u00f3n de preventa, puede comenzar a controlar mucho antes de que finalice el contrato, independientemente de si se trata de recompras de alquiler complejas o contratos de veh\u00edculos individuales.<\/p>\n<\/div><div class=\"content-box-shortcode-timeline-vertical\" style=\"border-color:#333c4e;left:45px;top:30px;-webkit-transition-duration: 350ms;animation-duration: 350ms;\"><\/div><\/div><\/div><div style=\"--awb-backgroundcolor:rgba(255,255,255,0);--awb-content-padding-left:82px;\" class=\"fusion-column content-box-column content-box-column content-box-column-5 col-lg-12 col-md-12 col-sm-12 fusion-content-box-hover content-box-column-last-in-row\"><div class=\"col content-box-wrapper content-wrapper link-area-box icon-hover-animation-none fusion-animated\" data-animationType=\"fadeIn\" data-animationDuration=\"0.25\" data-animationOffset=\"top-into-view\"><div class=\"heading heading-with-icon icon-left\" style=\"margin-top:23.5px;\"><div class=\"icon\" style=\"margin-top:-23.5px;margin-bottom:-23.5px;-webkit-animation-duration: 350ms;animation-duration: 350ms;\"><i style=\"border-color:#333c4e;border-width:1px;background-color:#333c4e;box-sizing:content-box;height:60px;width:60px;line-height:60px;border-radius:50%;font-size:30px;\" aria-hidden=\"true\" class=\"fontawesome-icon fa-money-bill-wave-alt fas circle-yes\"><\/i><\/div><h2 class=\"content-box-heading fusion-responsive-typography-calculated\" style=\"--h2_typography-font-size:15px;--fontSize:15;line-height:3.33;\">Remarketing de servicio completo<\/h2><\/div><div class=\"fusion-clearfix\"><\/div><div class=\"content-container\">\n<p>Con el <a href=\"https:\/\/www.bca.com\"><img decoding=\"async\" class=\"lazyload alignleft wp-image-2902 size-full\" src=\"data:image\/svg+xml,%3Csvg%20xmlns%3D%27http%3A%2F%2Fwww.w3.org%2F2000%2Fsvg%27%20width%3D%27119%27%20height%3D%2740%27%20viewBox%3D%270%200%20119%2040%27%3E%3Crect%20width%3D%27119%27%20height%3D%2740%27%20fill-opacity%3D%220%22%2F%3E%3C%2Fsvg%3E\" data-orig-src=\"http:\/\/www.hartmann-europe.com\/wp-content\/uploads\/2021\/09\/BCA_logo.png\" alt=\"\" width=\"119\" height=\"40\"><\/a><a href=\"https:\/\/www.bca.com\/de\/de\/\">BCA<\/a> , el mercado m\u00e1s grande de Europa para el comercio de veh\u00edculos usados, tiene el socio perfecto para el remarketing. Todos los servicios relacionados con la comercializaci\u00f3n exitosa de autom\u00f3viles usados con BCA de una sola fuente y completamente integrados en FCM.<\/p>\n<\/div><div class=\"content-box-shortcode-timeline-vertical\" style=\"border-color:#333c4e;left:45px;top:30px;-webkit-transition-duration: 350ms;animation-duration: 350ms;\"><\/div><\/div><\/div><div style=\"--awb-backgroundcolor:rgba(255,255,255,0);--awb-content-padding-left:82px;\" class=\"fusion-column content-box-column content-box-column content-box-column-6 col-lg-12 col-md-12 col-sm-12 fusion-content-box-hover content-box-column-last content-box-column-last-in-row\"><div class=\"col content-box-wrapper content-wrapper link-area-box icon-hover-animation-none fusion-animated\" data-animationType=\"fadeIn\" data-animationDuration=\"0.25\" data-animationOffset=\"top-into-view\"><div class=\"heading heading-with-icon icon-left\" style=\"margin-top:23.5px;\"><div class=\"icon\" style=\"margin-top:-23.5px;margin-bottom:-23.5px;-webkit-animation-duration: 350ms;animation-duration: 350ms;\"><i style=\"border-color:#333c4e;border-width:1px;background-color:#333c4e;box-sizing:content-box;height:60px;width:60px;line-height:60px;border-radius:50%;font-size:30px;\" aria-hidden=\"true\" class=\"fontawesome-icon fa-hands-helping fas circle-yes\"><\/i><\/div><h2 class=\"content-box-heading fusion-responsive-typography-calculated\" style=\"--h2_typography-font-size:15px;--fontSize:15;line-height:3.33;\">La soluci\u00f3n completa perfecta<\/h2><\/div><div class=\"fusion-clearfix\"><\/div><div class=\"content-container\">\n<p>Desde el control de veh\u00edculos hasta el control de veh\u00edculos y el remarketing, todos los procesos se cubren de manera \u00fanica y transparente con el FCM.<\/p>\n<\/div><div class=\"content-box-shortcode-timeline-vertical\" style=\"border-color:#333c4e;left:45px;top:30px;-webkit-transition-duration: 350ms;animation-duration: 350ms;\"><\/div><\/div><\/div><div class=\"fusion-clearfix\"><\/div><\/div><\/div><\/div><\/div><\/div><\/p>\n","protected":false},"excerpt":{"rendered":"","protected":false},"author":1,"featured_media":0,"parent":5609,"menu_order":0,"comment_status":"closed","ping_status":"closed","template":"","meta":{"_acf_changed":false,"footnotes":""},"class_list":["post-5693","page","type-page","status-publish","hentry"],"acf":[],"_links":{"self":[{"href":"https:\/\/www.hartmann-europe.com\/es\/wp-json\/wp\/v2\/pages\/5693","targetHints":{"allow":["GET"]}}],"collection":[{"href":"https:\/\/www.hartmann-europe.com\/es\/wp-json\/wp\/v2\/pages"}],"about":[{"href":"https:\/\/www.hartmann-europe.com\/es\/wp-json\/wp\/v2\/types\/page"}],"author":[{"embeddable":true,"href":"https:\/\/www.hartmann-europe.com\/es\/wp-json\/wp\/v2\/users\/1"}],"replies":[{"embeddable":true,"href":"https:\/\/www.hartmann-europe.com\/es\/wp-json\/wp\/v2\/comments?post=5693"}],"version-history":[{"count":6,"href":"https:\/\/www.hartmann-europe.com\/es\/wp-json\/wp\/v2\/pages\/5693\/revisions"}],"predecessor-version":[{"id":5782,"href":"https:\/\/www.hartmann-europe.com\/es\/wp-json\/wp\/v2\/pages\/5693\/revisions\/5782"}],"up":[{"embeddable":true,"href":"https:\/\/www.hartmann-europe.com\/es\/wp-json\/wp\/v2\/pages\/5609"}],"wp:attachment":[{"href":"https:\/\/www.hartmann-europe.com\/es\/wp-json\/wp\/v2\/media?parent=5693"}],"curies":[{"name":"wp","href":"https:\/\/api.w.org\/{rel}","templated":true}]}}