{"id":11719,"date":"2025-02-18T15:35:23","date_gmt":"2025-02-18T14:35:23","guid":{"rendered":"https:\/\/www.hartmann-europe.com\/anfahrt-bochum\/"},"modified":"2026-03-03T15:19:00","modified_gmt":"2026-03-03T14:19:00","slug":"anfahrt-bochum","status":"publish","type":"page","link":"https:\/\/www.hartmann-europe.com\/es\/anfahrt-bochum\/","title":{"rendered":"Aproximaci\u00f3n a Bochum"},"content":{"rendered":"<div class=\"fusion-fullwidth fullwidth-box fusion-builder-row-1 fusion-flex-container has-pattern-background has-mask-background nonhundred-percent-fullwidth non-hundred-percent-height-scrolling\" style=\"--awb-border-radius-top-left:0px;--awb-border-radius-top-right:0px;--awb-border-radius-bottom-right:0px;--awb-border-radius-bottom-left:0px;--awb-flex-wrap:wrap;\" ><div class=\"fusion-builder-row fusion-row fusion-flex-align-items-flex-start fusion-flex-content-wrap\" style=\"max-width:1331.2px;margin-left: calc(-4% \/ 2 );margin-right: calc(-4% \/ 2 );\"><div class=\"fusion-layout-column fusion_builder_column fusion-builder-column-0 fusion_builder_column_1_5 1_5 fusion-flex-column\" style=\"--awb-bg-size:cover;--awb-width-large:20%;--awb-margin-top-large:10px;--awb-spacing-right-large:9.6%;--awb-margin-bottom-large:10px;--awb-spacing-left-large:9.6%;--awb-width-medium:100%;--awb-order-medium:0;--awb-spacing-right-medium:1.92%;--awb-spacing-left-medium:1.92%;--awb-width-small:100%;--awb-order-small:0;--awb-spacing-right-small:1.92%;--awb-spacing-left-small:1.92%;\"><div class=\"fusion-column-wrapper fusion-column-has-shadow fusion-flex-justify-content-flex-start fusion-content-layout-column\"><\/div><\/div><div class=\"fusion-layout-column fusion_builder_column fusion-builder-column-1 fusion_builder_column_3_5 3_5 fusion-flex-column\" style=\"--awb-bg-size:cover;--awb-width-large:60%;--awb-margin-top-large:10px;--awb-spacing-right-large:3.2%;--awb-margin-bottom-large:10px;--awb-spacing-left-large:3.2%;--awb-width-medium:100%;--awb-order-medium:0;--awb-spacing-right-medium:1.92%;--awb-spacing-left-medium:1.92%;--awb-width-small:100%;--awb-order-small:0;--awb-spacing-right-small:1.92%;--awb-spacing-left-small:1.92%;\"><div class=\"fusion-column-wrapper fusion-column-has-shadow fusion-flex-justify-content-flex-start fusion-content-layout-column\"><div class=\"fusion-text fusion-text-1\" style=\"--awb-content-alignment:center;\"><div class=\"anfahrtsbeschreibung\">\n<h3>Indicaciones y normas de estacionamiento para Bochum<\/h3>\n<\/div>\n<\/div><div class=\"fusion-text fusion-text-2\"><div class=\"anfahrtsbeschreibung\">\n<h3>Viajar en coche<\/h3>\n<\/div>\n<\/div><div style=\"text-align:center;\"><a class=\"fusion-button button-flat button-large button-default fusion-button-default button-1 fusion-button-default-span fusion-button-default-type\" style=\"--button-border-radius-top-left:5px;--button-border-radius-top-right:5px;--button-border-radius-bottom-right:5px;--button-border-radius-bottom-left:5px;width:calc(100%);\" target=\"_blank\" rel=\"noopener noreferrer\" href=\"https:\/\/www.google.de\/maps\/dir\/\/Hartmann+Compound+Professionals+(Bochum),+Arnoldschacht+11,+44894+Bochum\/@51.4870092,7.2947734,17z\/data=!4m9!4m8!1m0!1m5!1m1!1s0x47b91f005e229d0b:0xd0f40c356aaae610!2m2!1d7.2974485!2d51.4861915!3e0?entry=ttu&amp;g_ep=EgoyMDI1MDIxOS4xIKXMDSoASAFQAw%3D%3D\"><i class=\"fa-map-marker-alt fas awb-button__icon awb-button__icon--default button-icon-left\" aria-hidden=\"true\"><\/i><span class=\"fusion-button-text awb-button__text awb-button__text--default\">Haz clic aqu\u00ed para ver la ruta directa a Bochum en Google Maps<\/span><\/a><\/div><div class=\"fusion-text fusion-text-3\"><p><img decoding=\"async\" class=\"lazyload size-full wp-image-12146 aligncenter\" src=\"https:\/\/www.hartmann-europe.com\/wp-content\/uploads\/2025\/06\/HCP-Bochum.jpg\" data-orig-src=\"https:\/\/www.hartmann-europe.com\/wp-content\/uploads\/2025\/06\/HCP-Bochum.jpg\" alt=\"\" width=\"654\" height=\"496\" srcset=\"data:image\/svg+xml,%3Csvg%20xmlns%3D%27http%3A%2F%2Fwww.w3.org%2F2000%2Fsvg%27%20width%3D%27654%27%20height%3D%27496%27%20viewBox%3D%270%200%20654%20496%27%3E%3Crect%20width%3D%27654%27%20height%3D%27496%27%20fill-opacity%3D%220%22%2F%3E%3C%2Fsvg%3E\" data-srcset=\"https:\/\/www.hartmann-europe.com\/wp-content\/uploads\/2025\/06\/HCP-Bochum-200x152.jpg 200w, https:\/\/www.hartmann-europe.com\/wp-content\/uploads\/2025\/06\/HCP-Bochum-300x228.jpg 300w, https:\/\/www.hartmann-europe.com\/wp-content\/uploads\/2025\/06\/HCP-Bochum-400x303.jpg 400w, https:\/\/www.hartmann-europe.com\/wp-content\/uploads\/2025\/06\/HCP-Bochum-600x455.jpg 600w, https:\/\/www.hartmann-europe.com\/wp-content\/uploads\/2025\/06\/HCP-Bochum.jpg 654w\" data-sizes=\"auto\" data-orig-sizes=\"(max-width: 654px) 100vw, 654px\" \/><\/p>\n<details><summary>EXTERNER LINK Google MAPS HCP Bochum<\/summary><p>Dieser Link f\u00fchrt zu einer externen Webseite, auf deren Inhalt wir keinen Einfluss haben. F\u00fcr den Inhalt der verlinkten Seite ist der jeweilige Anbieter verantwortlich. Wir haben die verlinkte Seite zum Zeitpunkt der Verlinkung auf m\u00f6gliche Rechtsverst\u00f6\u00dfe gepr\u00fcft und waren zum Zeitpunkt der Verlinkung keine Rechtswidrigkeiten ersichtlich. Eine permanente inhaltliche Kontrolle der verlinkten Seiten ist jedoch ohne konkrete Anhaltspunkte einer Rechtsverletzung nicht zumutbar. Bei Bekanntwerden von Rechtsverletzungen werden wir derartige Links umgehend entfernen.<\/p><p><a href=\"https:\/\/www.google.com\/maps\/d\/embed?mid=1H3pelRMZekoSu6Q-muy8VJ0Teg9qID4&#038;ehbc=2E312F\" target=\"_blank\">https:\/\/www.google.com\/maps\/d\/embed?mid=1H3pelRMZekoSu6Q-muy8VJ0Teg9qID4&amp;ehbc=2E312F<\/a><\/p><\/details>\n<\/div><div class=\"fusion-text fusion-text-4\"><h3>Las siguientes zonas est\u00e1n marcadas en el mapa:<\/h3>\n<ul>\n<li><span style=\"color: #ff0000;\"><strong>Zona de recogida<\/strong>:<\/span> Zona de carga y descarga de mercanc\u00edas.<\/li>\n<li>Zona de <span style=\"color: #008000;\"><strong>espera<\/strong>:<\/span> Zona de espera para veh\u00edculos que esperan instrucciones.<\/li>\n<\/ul>\n<h3>Normas de aparcamiento\/parada<\/h3>\n<p>Por lo general, no est\u00e1 permitido entrar con veh\u00edculos particulares en los locales de la empresa. Encontrar\u00e1s muchas plazas de aparcamiento fuera de las instalaciones. <\/p>\n<p>Si vas a entregar o recoger veh\u00edculos en cami\u00f3n, aparca primero el cami\u00f3n en la carretera y reg\u00edstrate en el mostrador. Despu\u00e9s, sigue las instrucciones del personal del recinto. <\/p>\n<h3>Viajar en transporte p\u00fablico<\/h3>\n<ul>\n<li><strong>Estaci\u00f3n de ferrocarril m\u00e1s cercana:<\/strong> Bochum Hauptbahnhof (a unos 7 km)<\/li>\n<li><strong>L\u00ednea de autob\u00fas:<\/strong> 345\/355 Bochum Dahlhausen, parada: Arnoldschacht, Bochum<\/li>\n<li><strong>Taxi:<\/strong> cuesta aprox. 25\u20ac (duraci\u00f3n del trayecto aprox. 15 minutos)<\/li>\n<\/ul>\n<\/div><\/div><\/div><div class=\"fusion-layout-column fusion_builder_column fusion-builder-column-2 fusion_builder_column_1_5 1_5 fusion-flex-column\" style=\"--awb-bg-size:cover;--awb-width-large:20%;--awb-margin-top-large:10px;--awb-spacing-right-large:9.6%;--awb-margin-bottom-large:10px;--awb-spacing-left-large:9.6%;--awb-width-medium:100%;--awb-order-medium:0;--awb-spacing-right-medium:1.92%;--awb-spacing-left-medium:1.92%;--awb-width-small:100%;--awb-order-small:0;--awb-spacing-right-small:1.92%;--awb-spacing-left-small:1.92%;\"><div class=\"fusion-column-wrapper fusion-column-has-shadow fusion-flex-justify-content-flex-start fusion-content-layout-column\"><\/div><\/div><\/div><\/div>\n","protected":false},"excerpt":{"rendered":"","protected":false},"author":1,"featured_media":0,"parent":0,"menu_order":0,"comment_status":"closed","ping_status":"closed","template":"","meta":{"_acf_changed":false,"footnotes":""},"class_list":["post-11719","page","type-page","status-publish","hentry"],"acf":[],"_links":{"self":[{"href":"https:\/\/www.hartmann-europe.com\/es\/wp-json\/wp\/v2\/pages\/11719","targetHints":{"allow":["GET"]}}],"collection":[{"href":"https:\/\/www.hartmann-europe.com\/es\/wp-json\/wp\/v2\/pages"}],"about":[{"href":"https:\/\/www.hartmann-europe.com\/es\/wp-json\/wp\/v2\/types\/page"}],"author":[{"embeddable":true,"href":"https:\/\/www.hartmann-europe.com\/es\/wp-json\/wp\/v2\/users\/1"}],"replies":[{"embeddable":true,"href":"https:\/\/www.hartmann-europe.com\/es\/wp-json\/wp\/v2\/comments?post=11719"}],"version-history":[{"count":3,"href":"https:\/\/www.hartmann-europe.com\/es\/wp-json\/wp\/v2\/pages\/11719\/revisions"}],"predecessor-version":[{"id":12369,"href":"https:\/\/www.hartmann-europe.com\/es\/wp-json\/wp\/v2\/pages\/11719\/revisions\/12369"}],"wp:attachment":[{"href":"https:\/\/www.hartmann-europe.com\/es\/wp-json\/wp\/v2\/media?parent=11719"}],"curies":[{"name":"wp","href":"https:\/\/api.w.org\/{rel}","templated":true}]}}