{"id":11782,"date":"2025-02-26T15:22:31","date_gmt":"2025-02-26T14:22:31","guid":{"rendered":"https:\/\/www.hartmann-europe.com\/anfahrt-niederaula\/"},"modified":"2026-03-03T15:24:55","modified_gmt":"2026-03-03T14:24:55","slug":"anfahrt-niederaula","status":"publish","type":"page","link":"https:\/\/www.hartmann-europe.com\/en\/anfahrt-niederaula\/","title":{"rendered":"Directions Niederaula Fleet Center 2"},"content":{"rendered":"<div class=\"fusion-fullwidth fullwidth-box fusion-builder-row-1 fusion-flex-container has-pattern-background has-mask-background nonhundred-percent-fullwidth non-hundred-percent-height-scrolling\" style=\"--awb-border-radius-top-left:0px;--awb-border-radius-top-right:0px;--awb-border-radius-bottom-right:0px;--awb-border-radius-bottom-left:0px;--awb-flex-wrap:wrap;\" ><div class=\"fusion-builder-row fusion-row fusion-flex-align-items-flex-start fusion-flex-content-wrap\" style=\"max-width:1331.2px;margin-left: calc(-4% \/ 2 );margin-right: calc(-4% \/ 2 );\"><div class=\"fusion-layout-column fusion_builder_column fusion-builder-column-0 fusion_builder_column_1_5 1_5 fusion-flex-column\" style=\"--awb-bg-size:cover;--awb-width-large:20%;--awb-margin-top-large:10px;--awb-spacing-right-large:9.6%;--awb-margin-bottom-large:10px;--awb-spacing-left-large:9.6%;--awb-width-medium:100%;--awb-order-medium:0;--awb-spacing-right-medium:1.92%;--awb-spacing-left-medium:1.92%;--awb-width-small:100%;--awb-order-small:0;--awb-spacing-right-small:1.92%;--awb-spacing-left-small:1.92%;\"><div class=\"fusion-column-wrapper fusion-column-has-shadow fusion-flex-justify-content-flex-start fusion-content-layout-column\"><\/div><\/div><div class=\"fusion-layout-column fusion_builder_column fusion-builder-column-1 fusion_builder_column_3_5 3_5 fusion-flex-column\" style=\"--awb-bg-size:cover;--awb-width-large:60%;--awb-margin-top-large:10px;--awb-spacing-right-large:3.2%;--awb-margin-bottom-large:10px;--awb-spacing-left-large:3.2%;--awb-width-medium:100%;--awb-order-medium:0;--awb-spacing-right-medium:1.92%;--awb-spacing-left-medium:1.92%;--awb-width-small:100%;--awb-order-small:0;--awb-spacing-right-small:1.92%;--awb-spacing-left-small:1.92%;\"><div class=\"fusion-column-wrapper fusion-column-has-shadow fusion-flex-justify-content-flex-start fusion-content-layout-column\"><div class=\"fusion-text fusion-text-1\" style=\"--awb-content-alignment:center;\"><div class=\"anfahrtsbeschreibung\">\n<h3>Directions and parking regulations for Niederaula<\/h3>\n<\/div>\n<\/div><div class=\"fusion-text fusion-text-2\"><p>Click on the button to show the direct route to <strong>Fleet Center 2 in Niederaula<\/strong>.<\/p>\n<\/div><div style=\"text-align:center;\"><a class=\"fusion-button button-flat button-small button-custom fusion-button-default button-1 fusion-button-default-span fusion-button-default-type\" style=\"--button_accent_color:#ffffff;--button_accent_hover_color:#ffffff;--button_border_hover_color:#ffffff;--button-border-radius-top-left:5px;--button-border-radius-top-right:5px;--button-border-radius-bottom-right:5px;--button-border-radius-bottom-left:5px;--button_gradient_top_color:#f09a3e;--button_gradient_bottom_color:#f09a3e;--button_gradient_top_color_hover:#464d5f;--button_gradient_bottom_color_hover:#464d5f;--button_margin-bottom:2em;width:calc(100%);\" target=\"_blank\" rel=\"noopener noreferrer\" href=\"https:\/\/www.google.de\/maps\/dir\/\/HARTMANN+Compound-Professionals+Germany+GmbH,+Industriestra%C3%9Fe+11,+36272+Niederaula\/@50.786676,9.5924368,17z\/data=!4m9!4m8!1m0!1m5!1m1!1s0x47bcad000e63252b:0xad4933171eece4!2m2!1d9.5950117!2d50.786676!3e0?entry=ttu&amp;g_ep=EgoyMDI1MDIyMy4xIKXMDSoASAFQAw%3D%3D\"><i class=\"fa-map-marker-alt fas awb-button__icon awb-button__icon--default button-icon-left\" aria-hidden=\"true\"><\/i><span class=\"fusion-button-text awb-button__text awb-button__text--default\">Google Maps<\/span><\/a><\/div><div class=\"fusion-text fusion-text-3\"><div class=\"anfahrtsbeschreibung\">\n<p><strong><u>Access by car or truck:<\/u><\/strong><\/p>\n<p><strong>A7 freeway:<\/strong><\/p>\n<p>At exit 89-Niederaula turn left onto the B62 in the direction of Niederaula\/Bad Hersfeld.<\/p>\n<p>After 1.5 km turn right onto Industriestra\u00dfe, then immediately turn right again to stay on Industriestra\u00dfe<\/p>\n<p>After approx. 500m, turn left and you will find <strong>HARTMANN Compound Professionals<\/strong> directly on the right-hand side.<\/p>\n<\/div>\n<\/div><div class=\"fusion-text fusion-text-4\" style=\"--awb-margin-top:10px;\"><p><img decoding=\"async\" class=\"lazyload alignnone size-full wp-image-12151 aligncenter\" src=\"https:\/\/www.hartmann-europe.com\/wp-content\/uploads\/2025\/06\/HCP-NA-FC1.jpg\" data-orig-src=\"https:\/\/www.hartmann-europe.com\/wp-content\/uploads\/2025\/06\/HCP-NA-FC1.jpg\" alt=\"\" width=\"654\" height=\"496\" srcset=\"data:image\/svg+xml,%3Csvg%20xmlns%3D%27http%3A%2F%2Fwww.w3.org%2F2000%2Fsvg%27%20width%3D%27654%27%20height%3D%27496%27%20viewBox%3D%270%200%20654%20496%27%3E%3Crect%20width%3D%27654%27%20height%3D%27496%27%20fill-opacity%3D%220%22%2F%3E%3C%2Fsvg%3E\" data-srcset=\"https:\/\/www.hartmann-europe.com\/wp-content\/uploads\/2025\/06\/HCP-NA-FC1-200x152.jpg 200w, https:\/\/www.hartmann-europe.com\/wp-content\/uploads\/2025\/06\/HCP-NA-FC1-300x228.jpg 300w, https:\/\/www.hartmann-europe.com\/wp-content\/uploads\/2025\/06\/HCP-NA-FC1-400x303.jpg 400w, https:\/\/www.hartmann-europe.com\/wp-content\/uploads\/2025\/06\/HCP-NA-FC1-600x455.jpg 600w, https:\/\/www.hartmann-europe.com\/wp-content\/uploads\/2025\/06\/HCP-NA-FC1.jpg 654w\" data-sizes=\"auto\" data-orig-sizes=\"(max-width: 654px) 100vw, 654px\" \/><\/p>\n<details><summary>Google MAPS HCP Niederaula FC1<\/summary><p>Dieser Link f\u00fchrt zu einer externen Webseite, auf deren Inhalt wir keinen Einfluss haben. F\u00fcr den Inhalt der verlinkten Seite ist der jeweilige Anbieter verantwortlich. Wir haben die verlinkte Seite zum Zeitpunkt der Verlinkung auf m\u00f6gliche Rechtsverst\u00f6\u00dfe gepr\u00fcft und waren zum Zeitpunkt der Verlinkung keine Rechtswidrigkeiten ersichtlich. Eine permanente inhaltliche Kontrolle der verlinkten Seiten ist jedoch ohne konkrete Anhaltspunkte einer Rechtsverletzung nicht zumutbar. Bei Bekanntwerden von Rechtsverletzungen werden wir derartige Links umgehend entfernen.<\/p><p><a href=\"https:\/\/www.google.de\/maps\/dir\/\/HARTMANN+Compound-Professionals+Germany+GmbH,+Industriestra%C3%9Fe+11,+36272+Niederaula\/@50.786676,9.5924368,17z\/data=!4m9!4m8!1m0!1m5!1m1!1s0x47bcad000e63252b:0xad4933171eece4!2m2!1d9.5950117!2d50.786676!3e0?entry=ttu&#038;g_ep=EgoyMDI1MDIyMy4xIKXMDSoASAFQAw%3D%3D\" target=\"_blank\">https:\/\/www.google.de\/maps\/dir\/\/HARTMANN+Compound-Professionals+Germany+GmbH,+Industriestra%C3%9Fe+11,+36272+Niederaula\/@50.786676,9.5924368,17z\/data=!4m9!4m8!1m0!1m5!1m1!1s0x47bcad000e63252b:0xad4933171eece4!2m2!1d9.5950117!2d50.786676!3e0?entry=ttu&amp;g_ep=EgoyMDI1MDIyMy4xIKXMDSoASAFQAw%3D%3D<\/a><\/p><\/details>\n<\/div><div class=\"fusion-text fusion-text-5\"><h3>The following areas are marked on the map:<\/h3>\n<ul>\n<li><strong><span style=\"color: #ff0000;\">No Parking Area<\/span><\/strong><\/li>\n<li><span style=\"color: #008000;\"><strong>PickUp Area<\/strong>: <\/span>Area for loading and unloading goods.<\/li>\n<li><span style=\"color: #008000;\"><strong>Waiting Area<\/strong>:<\/span> Waiting area for vehicles awaiting instructions.<\/li>\n<\/ul>\n<h3>Parking regulations\/stopping regulations<\/h3>\n<p>It is generally not permitted to drive private vehicles onto the company premises. You will find plenty of parking spaces outside the grounds.<\/p>\n<p>If you are delivering or collecting vehicles by truck, please park your truck on the street first and register at the counter. Please then follow the instructions of the site staff.<\/p>\n<h3>Arrival by public transportation<\/h3>\n<ul>\n<li><strong>Nearest train station: <\/strong>Bad Hersfeld (approx. 15km)<\/li>\n<li><strong>Bus route:<\/strong> 380 Bad Hersfeld\/Niederaula <strong>Bus stop:<\/strong> An der Landwehr<\/li>\n<li><strong>Cab:<\/strong> costs approx. 33\u20ac (journey time approx. 15 minutes)<\/li>\n<\/ul>\n<\/div><\/div><\/div><div class=\"fusion-layout-column fusion_builder_column fusion-builder-column-2 fusion_builder_column_1_5 1_5 fusion-flex-column\" style=\"--awb-bg-size:cover;--awb-width-large:20%;--awb-margin-top-large:10px;--awb-spacing-right-large:9.6%;--awb-margin-bottom-large:10px;--awb-spacing-left-large:9.6%;--awb-width-medium:100%;--awb-order-medium:0;--awb-spacing-right-medium:1.92%;--awb-spacing-left-medium:1.92%;--awb-width-small:100%;--awb-order-small:0;--awb-spacing-right-small:1.92%;--awb-spacing-left-small:1.92%;\"><div class=\"fusion-column-wrapper fusion-column-has-shadow fusion-flex-justify-content-flex-start fusion-content-layout-column\"><\/div><\/div><\/div><\/div>\n","protected":false},"excerpt":{"rendered":"","protected":false},"author":1,"featured_media":0,"parent":0,"menu_order":0,"comment_status":"closed","ping_status":"closed","template":"","meta":{"_acf_changed":false,"footnotes":""},"class_list":["post-11782","page","type-page","status-publish","hentry"],"acf":[],"_links":{"self":[{"href":"https:\/\/www.hartmann-europe.com\/en\/wp-json\/wp\/v2\/pages\/11782","targetHints":{"allow":["GET"]}}],"collection":[{"href":"https:\/\/www.hartmann-europe.com\/en\/wp-json\/wp\/v2\/pages"}],"about":[{"href":"https:\/\/www.hartmann-europe.com\/en\/wp-json\/wp\/v2\/types\/page"}],"author":[{"embeddable":true,"href":"https:\/\/www.hartmann-europe.com\/en\/wp-json\/wp\/v2\/users\/1"}],"replies":[{"embeddable":true,"href":"https:\/\/www.hartmann-europe.com\/en\/wp-json\/wp\/v2\/comments?post=11782"}],"version-history":[{"count":3,"href":"https:\/\/www.hartmann-europe.com\/en\/wp-json\/wp\/v2\/pages\/11782\/revisions"}],"predecessor-version":[{"id":12370,"href":"https:\/\/www.hartmann-europe.com\/en\/wp-json\/wp\/v2\/pages\/11782\/revisions\/12370"}],"wp:attachment":[{"href":"https:\/\/www.hartmann-europe.com\/en\/wp-json\/wp\/v2\/media?parent=11782"}],"curies":[{"name":"wp","href":"https:\/\/api.w.org\/{rel}","templated":true}]}}